{"id":2137,"date":"2025-08-02T09:04:56","date_gmt":"2025-08-02T07:04:56","guid":{"rendered":"https:\/\/megapret.nl\/preise-und-pakete\/"},"modified":"2026-04-15T20:42:19","modified_gmt":"2026-04-15T18:42:19","slug":"preise-und-arrangements","status":"publish","type":"page","link":"https:\/\/megapret.nl\/de\/preise-und-arrangements\/","title":{"rendered":"Preise und Arrangements"},"content":{"rendered":"<section class=\"l-section wpb_row us_custom_b4d5d7b9 height_large with_img with_shape\"><div class=\"l-section-img\" role=\"img\" aria-label=\"Bild\" data-img-width=\"1623\" data-img-height=\"1949\" style=\"background-image: url(https:\/\/megapret.nl\/wp-content\/uploads\/2025\/03\/megapret-dubbeldraaier.webp);background-repeat: no-repeat;\"><\/div><div class=\"l-section-overlay\" style=\"background:rgba(0,158,61,0.92)\"><\/div><div class=\"l-section-shape type_curve pos_bottom\" style=\"height:6vw;color:var(--color-pastelzand)\"><svg xmlns=\"http:\/\/www.w3.org\/2000\/svg\" viewBox=\"0 0 64 8\" preserveAspectRatio=\"none\" width=\"100%\" height=\"100%\">\r\n\t<path fill=\"currentColor\" d=\"M64 8 L64 0 Q32 15.8 0 0 L0 8 Z\"\/>\r\n<\/svg><\/div><div class=\"l-section-h i-cf\"><div class=\"g-cols vc_row via_flex valign_top type_default stacking_default\"><div class=\"vc_col-sm-12 wpb_column vc_column_container\"><div class=\"vc_column-inner\"><div class=\"wpb_wrapper\"><\/div><\/div><\/div><\/div><\/div><\/section><section class=\"l-section wpb_row us_custom_30571c6c height_large\"><div class=\"l-section-h i-cf\"><div class=\"g-cols vc_row via_flex valign_top type_default stacking_default\"><div class=\"vc_col-sm-3\/5 wpb_column vc_column_container\"><div class=\"vc_column-inner us_custom_9536f3e6\"><div class=\"wpb_wrapper\"><div class=\"g-cols wpb_row us_custom_c810cb26 us_animate_this via_flex valign_middle type_boxes stacking_default\"><div class=\"vc_col-sm-12 wpb_column vc_column_container\"><div class=\"vc_column-inner us_custom_fc5a3aa2\"><div class=\"wpb_wrapper\"><div class=\"wpb_text_column us_custom_a5ef9130\"><div class=\"wpb_wrapper\"><h1>Preise und Arrangements<\/h1>\n<\/div><\/div><div class=\"wpb_text_column us_custom_b4198c51\"><div class=\"wpb_wrapper\"><p>Wir bei MegaPret sind der Meinung, dass ein Tagesausflug f\u00fcr alle zug\u00e4nglich sein sollte. Nachstehend finden Sie alle Eintrittspreise und Arrangements f\u00fcr 2026, einschlie\u00dflich vorteilhafter Gruppenrabatte.<\/p>\n<\/div><\/div><div class=\"w-separator size_small\"><\/div><div class=\"w-btn-wrapper align_none\"><a class=\"w-btn us-btn-style_3 icon_atright\" href=\"#prijzen\"><span class=\"w-btn-label\">Preise ansehen<\/span><i class=\"far fa-arrow-down\"><\/i><\/a><\/div><div class=\"w-btn-wrapper align_none\"><a class=\"w-btn us-btn-style_6 icon_atleft\" href=\"https:\/\/megapret.nl\/de\/reservieren\/\"><i class=\"far fa-ticket-alt\"><\/i><span class=\"w-btn-label\">Reservieren<\/span><\/a><\/div><\/div><\/div><\/div><\/div><\/div><\/div><\/div><div class=\"vc_col-sm-2\/5 wpb_column vc_column_container\"><div class=\"vc_column-inner\"><div class=\"wpb_wrapper\"><\/div><\/div><\/div><\/div><\/div><\/section><section class=\"l-section wpb_row us_custom_9a3019b3 height_large\" id=\"prijzen\"><div class=\"l-section-h i-cf\"><div class=\"g-cols vc_row via_flex valign_top type_default stacking_default\"><div class=\"vc_col-sm-12 wpb_column vc_column_container\"><div class=\"vc_column-inner us_custom_57a3a54e us_animate_this\"><div class=\"wpb_wrapper\"><div class=\"g-cols wpb_row via_flex valign_top type_default stacking_default\"><div class=\"vc_col-sm-4 wpb_column vc_column_container\"><div class=\"vc_column-inner\"><div class=\"wpb_wrapper\"><div class=\"w-vwrapper us_custom_c9d1cff7 align_none valign_top\"><div class=\"wpb_text_column\"><div class=\"wpb_wrapper\"><h3>Eintritt MegaPret<\/h3>\n<ul>\n<li>Kinder (1-15 Jahre): \u20ac 8,25<\/li>\n<li>Personen (ab 16 Jahren): \u20ac 4,-<\/li>\n<\/ul>\n<\/div><\/div><\/div><\/div><\/div><\/div><div class=\"vc_col-sm-4 wpb_column vc_column_container\"><div class=\"vc_column-inner\"><div class=\"wpb_wrapper\"><div class=\"w-vwrapper us_custom_050762d7 has_text_color align_none valign_top\"><span class=\"w-text us_custom_68eb1931 has_text_color\"><span class=\"w-text-h\"><span class=\"w-text-value\">Kinder (1-15 Jahre)<\/span><\/span><\/span><div class=\"wpb_text_column\"><div class=\"wpb_wrapper\"><h4>Basis-Arrangement MegaPret: \u20ac 12,50<\/h4>\n<ul>\n<li>Eintritt MegaPret<\/li>\n<li>Pommes mit Mayo<\/li>\n<li>Mini-Snacks<\/li>\n<li>Ein Eis<\/li>\n<li>Unbegrenzter Himbeersaft<\/li>\n<\/ul>\n<\/div><\/div><\/div><div class=\"w-message color_blue\"><div class=\"w-message-body\"><p>Dieses Arrangement besprechen Sie bei Ihrer Ankunft mit uns. <strong>Gruppenrabatt:<\/strong> F\u00fcr 1 bis 20 Personen gilt der Preis des Basispakets. F\u00fcr 21 bis 50 Personen erhalten Sie einen Rabatt von 5%. Ab 51 Personen gilt ein Rabatt von 10%.<\/p>\n<\/div><\/div><\/div><\/div><\/div><div class=\"vc_col-sm-4 wpb_column vc_column_container\"><div class=\"vc_column-inner\"><div class=\"wpb_wrapper\"><div class=\"w-vwrapper us_custom_050762d7 has_text_color align_none valign_top\"><span class=\"w-text us_custom_68eb1931 has_text_color\"><span class=\"w-text-h\"><span class=\"w-text-value\">Personen (ab 16 Jahren)<\/span><\/span><\/span><div class=\"wpb_text_column\"><div class=\"wpb_wrapper\"><h4>Basis-Arrangement MegaPret: \u20ac 8,25<\/h4>\n<ul>\n<li>Eintritt MegaPret<\/li>\n<li>Eine Tasse Kaffee<\/li>\n<li>Pommes mit Mayo<\/li>\n<li>Mini-Snacks<\/li>\n<li>Unbegrenzter Himbeersaft und Leitungswasser<\/li>\n<\/ul>\n<\/div><\/div><\/div><div class=\"w-message color_blue\"><div class=\"w-message-body\"><p>Dieses Arrangement besprechen Sie bei Ihrer Ankunft mit uns. <strong>Gruppenrabatt:<\/strong> F\u00fcr 1 bis 20 Personen gilt der Preis des Basispakets. F\u00fcr 21 bis 50 Personen erhalten Sie einen Rabatt von 5%. Ab 51 Personen gilt ein Rabatt von 10%.<\/p>\n<\/div><\/div><\/div><\/div><\/div><\/div><div class=\"w-separator size_large with_line width_default thick_2 style_solid color_border align_center\"><div class=\"w-separator-h\"><\/div><\/div><div class=\"g-cols wpb_row via_flex valign_top type_default stacking_default\"><div class=\"vc_col-sm-4 wpb_column vc_column_container\"><div class=\"vc_column-inner\"><div class=\"wpb_wrapper\"><div class=\"w-vwrapper us_custom_c9d1cff7 align_none valign_top\"><div class=\"wpb_text_column\"><div class=\"wpb_wrapper\"><h3>GolfPret (einschlie\u00dflich Eintritt MegaPret)<\/h3>\n<ul>\n<li>Kinder (1-15 Jahre): \u20ac 9,25<\/li>\n<li>Personen (ab 16 Jahren): \u20ac 6,-<\/li>\n<\/ul>\n<\/div><\/div><\/div><\/div><\/div><\/div><div class=\"vc_col-sm-4 wpb_column vc_column_container\"><div class=\"vc_column-inner\"><div class=\"wpb_wrapper\"><div class=\"w-vwrapper us_custom_050762d7 has_text_color align_none valign_top\"><span class=\"w-text us_custom_68eb1931 has_text_color\"><span class=\"w-text-h\"><span class=\"w-text-value\">Kinder (1-15 Jahre)<\/span><\/span><\/span><div class=\"wpb_text_column\"><div class=\"wpb_wrapper\"><h4>GolfPret-Arrangement: \u20ac 13,25<\/h4>\n<ul>\n<li>Eintritt GolfPret und MegaPret<\/li>\n<li>Pommes mit Mayo<\/li>\n<li>Mini-Snacks<\/li>\n<li>Ein Eis<\/li>\n<li>Unbegrenzter Himbeersaft<\/li>\n<\/ul>\n<\/div><\/div><\/div><div class=\"w-message color_blue\"><div class=\"w-message-body\"><p>Dieses Arrangement besprechen Sie bei Ihrer Ankunft mit uns.<\/p>\n<\/div><\/div><\/div><\/div><\/div><div class=\"vc_col-sm-4 wpb_column vc_column_container\"><div class=\"vc_column-inner\"><div class=\"wpb_wrapper\"><div class=\"w-vwrapper us_custom_050762d7 has_text_color align_none valign_top\"><span class=\"w-text us_custom_68eb1931 has_text_color\"><span class=\"w-text-h\"><span class=\"w-text-value\">Personen (ab 16 Jahren)<\/span><\/span><\/span><div class=\"wpb_text_column\"><div class=\"wpb_wrapper\"><h4>GolfPret-Arrangement: \u20ac 24,75<\/h4>\n<ul>\n<li>Eintritt GolfPret und MegaPret<\/li>\n<li>Eine Tasse Kaffee mit Kuchen<\/li>\n<li>Schnitzelmen\u00fc<\/li>\n<li>Unbegrenzter Himbeersaft und Leitungswasser<\/li>\n<\/ul>\n<\/div><\/div><\/div><div class=\"w-message color_blue\"><div class=\"w-message-body\"><p>Sie nutzen das GolfPret-Arrangement? Dann geben Sie uns bitte mindestens 14 Tage im Voraus Bescheid (mindestens 8 Personen). Bitte geben Sie dies bei Ihrer Reservierung unter &#8220;Fragen oder Feedback&#8221; an.<\/p>\n<\/div><\/div><\/div><\/div><\/div><\/div><\/div><\/div><\/div><\/div><\/div><\/section><section class=\"l-section wpb_row height_auto width_full\"><div class=\"l-section-h i-cf\"><div class=\"g-cols vc_row via_flex valign_top type_default stacking_default\"><div class=\"vc_col-sm-12 wpb_column vc_column_container\"><div class=\"vc_column-inner\"><div class=\"wpb_wrapper\"><section class=\"l-section wpb_row us_custom_c70c97eb height_large\"><div class=\"l-section-h i-cf\"><div class=\"g-cols vc_row via_flex valign_top type_default stacking_default\"><div class=\"vc_col-sm-4 wpb_column vc_column_container\"><div class=\"vc_column-inner us_custom_f70d789f us_animate_this\"><div class=\"wpb_wrapper\"><div class=\"wpb_text_column\"><div class=\"wpb_wrapper\"><h3>Erschwingliche Preise f\u00fcr alle<\/h3>\n<p>Wir bei MegaPret sind der Meinung, dass ein Tagesausflug f\u00fcr jeden zug\u00e4nglich sein sollte. Ob Sie nur f\u00fcr ein paar Stunden kommen oder den ganzen Tag erkunden, es gibt immer etwas zu tun. Und das zu einem fairen Preis, den wir so weit wie m\u00f6glich f\u00fcr jeden Geldbeutel erschwinglich halten.  <\/p>\n<h5>Kostenfreies Parken<\/h5>\n<p>Beginnen Sie Ihren Tag sorglos mit unseren gro\u00dfz\u00fcgigen kostenlosen Parkpl\u00e4tzen. F\u00fcr Elektroautos gibt es Ladestationen.<\/p>\n<\/div><\/div><\/div><\/div><\/div><div class=\"vc_col-sm-8 wpb_column vc_column_container\"><div class=\"vc_column-inner\"><div class=\"wpb_wrapper\"><div class=\"g-cols wpb_row us_custom_0d50fab6 us_animate_this via_flex valign_top type_boxes stacking_default\"><div class=\"vc_col-sm-9 wpb_column vc_column_container\"><div class=\"vc_column-inner us_custom_0064e052\"><div class=\"wpb_wrapper\"><div class=\"wpb_text_column\"><div class=\"wpb_wrapper\"><h4>Der Spielplatz f\u00fcr die ganze Familie<\/h4>\n<p>Spielerische Abenteuer f\u00fcr die Kleinen, (\u00fcberdachte) Terrassen f\u00fcr die Eltern, hier f\u00fchlt sich jeder wohl. Dank der \u00fcbersichtlichen Anlage k\u00f6nnen Sie einen Tag voller Erlebnisse unbeschwert genie\u00dfen. Entdecken Sie <a href=\"https:\/\/megapret.nl\/de\/attraktionen\/\">hier<\/a> alle Attraktionen. Wir sind durch einen kleinen, pers\u00f6nlichen Ansatz &#8220;gro\u00df&#8221; geworden und legen gro\u00dfen Wert auf eine saubere und hygienische Umgebung.<\/p>\n<\/div><\/div><\/div><\/div><\/div><div class=\"vc_col-sm-3 wpb_column vc_column_container has_bg_color\"><div class=\"vc_column-inner us_custom_846c812d\"><div class=\"wpb_wrapper\"><\/div><\/div><\/div><\/div><div class=\"w-separator size_medium\"><\/div><div class=\"g-cols wpb_row us_custom_07fec2b8 us_animate_this via_flex valign_top type_boxes stacking_default\"><div class=\"vc_col-sm-9 wpb_column vc_column_container\"><div class=\"vc_column-inner us_custom_0064e052\"><div class=\"wpb_wrapper\"><div class=\"wpb_text_column\"><div class=\"wpb_wrapper\"><h4>Verschiedene Arrangements f\u00fcr Familien, Gruppen und Schulausfl\u00fcge<\/h4>\n<p>Unsere sicheren, eingez\u00e4unten Spielbereiche machen es zum idealen Treffpunkt f\u00fcr Familien, Schulklassen und Gruppen. Dank vorteilhafter Arrangements kommen Kinder in den Genuss von Pommes, Snacks und Himbeersaft, w\u00e4hrend Erwachsene ebenfalls aus passenden Arrangements w\u00e4hlen k\u00f6nnen. So wird es ein Fest f\u00fcr alle! Informieren Sie sich <a href=\"https:\/\/megapret.nl\/de\/preise-und-arrangements\/\">hier<\/a> \u00fcber unsere Arrangements und Optionen.<\/p>\n<\/div><\/div><\/div><\/div><\/div><div class=\"vc_col-sm-3 wpb_column vc_column_container has_bg_color\"><div class=\"vc_column-inner us_custom_6e995d6f\"><div class=\"wpb_wrapper\"><\/div><\/div><\/div><\/div><\/div><\/div><\/div><\/div><\/div><\/section>\n<\/div><\/div><\/div><\/div><\/div><\/section>\n","protected":false},"excerpt":{"rendered":"Preise und Arrangements Wir bei MegaPret sind der Meinung, dass ein Tagesausflug f\u00fcr alle zug\u00e4nglich sein sollte. Nachstehend finden Sie alle Eintrittspreise und Arrangements f\u00fcr 2026, einschlie\u00dflich vorteilhafter Gruppenrabatte. Preise ansehenReservierenEintritt MegaPret Kinder (1-15 Jahre): \u20ac 8,25 Personen (ab 16 Jahren): \u20ac 4,- Kinder (1-15 Jahre)Basis-Arrangement MegaPret: \u20ac 12,50 Eintritt MegaPret Pommes mit Mayo Mini-Snacks...","protected":false},"author":1,"featured_media":1879,"parent":0,"menu_order":0,"comment_status":"closed","ping_status":"closed","template":"","meta":{"_acf_changed":false,"_monsterinsights_skip_tracking":false,"_monsterinsights_sitenote_active":false,"_monsterinsights_sitenote_note":"","_monsterinsights_sitenote_category":0,"footnotes":""},"class_list":["post-2137","page","type-page","status-publish","has-post-thumbnail","hentry"],"acf":[],"yoast_head":"<!-- This site is optimized with the Yoast SEO Premium plugin v27.4 (Yoast SEO v27.4) - https:\/\/yoast.com\/product\/yoast-seo-premium-wordpress\/ -->\n<title>Preise und Arrangements - MegaPret<\/title>\n<meta name=\"description\" content=\"Wir bei MegaPret sind der Meinung, dass ein Tagesausflug f\u00fcr jeden zug\u00e4nglich sein sollte. Alle Eintrittspreise und Arrangements finden Sie hier.\" \/>\n<meta name=\"robots\" content=\"index, follow, max-snippet:-1, max-image-preview:large, max-video-preview:-1\" \/>\n<link rel=\"canonical\" href=\"https:\/\/megapret.nl\/de\/preise-und-arrangements\/\" \/>\n<meta property=\"og:locale\" content=\"de_DE\" \/>\n<meta property=\"og:type\" content=\"article\" \/>\n<meta property=\"og:title\" content=\"Preise und Arrangements\" \/>\n<meta property=\"og:description\" content=\"Wir bei MegaPret sind der Meinung, dass ein Tagesausflug f\u00fcr jeden zug\u00e4nglich sein sollte. Alle Eintrittspreise und Arrangements finden Sie hier.\" \/>\n<meta property=\"og:url\" content=\"https:\/\/megapret.nl\/de\/preise-und-arrangements\/\" \/>\n<meta property=\"og:site_name\" content=\"MegaPret\" \/>\n<meta property=\"article:publisher\" content=\"https:\/\/www.facebook.com\/MegapretLievelde\" \/>\n<meta property=\"article:modified_time\" content=\"2026-04-15T18:42:19+00:00\" \/>\n<meta property=\"og:image\" content=\"https:\/\/megapret.nl\/wp-content\/uploads\/2025\/03\/megapret-dubbeldraaier.webp\" \/>\n\t<meta property=\"og:image:width\" content=\"1623\" \/>\n\t<meta property=\"og:image:height\" content=\"1949\" \/>\n\t<meta property=\"og:image:type\" content=\"image\/webp\" \/>\n<meta name=\"twitter:card\" content=\"summary_large_image\" \/>\n<meta name=\"twitter:label1\" content=\"Gesch\u00e4tzte Lesezeit\" \/>\n\t<meta name=\"twitter:data1\" content=\"6\u00a0Minuten\" \/>\n<script type=\"application\/ld+json\" class=\"yoast-schema-graph\">{\"@context\":\"https:\\\/\\\/schema.org\",\"@graph\":[{\"@type\":\"WebPage\",\"@id\":\"https:\\\/\\\/megapret.nl\\\/de\\\/preise-und-arrangements\\\/\",\"url\":\"https:\\\/\\\/megapret.nl\\\/de\\\/preise-und-arrangements\\\/\",\"name\":\"Preise und Arrangements - MegaPret\",\"isPartOf\":{\"@id\":\"https:\\\/\\\/megapret.nl\\\/de\\\/#website\"},\"primaryImageOfPage\":{\"@id\":\"https:\\\/\\\/megapret.nl\\\/de\\\/preise-und-arrangements\\\/#primaryimage\"},\"image\":{\"@id\":\"https:\\\/\\\/megapret.nl\\\/de\\\/preise-und-arrangements\\\/#primaryimage\"},\"thumbnailUrl\":\"https:\\\/\\\/megapret.nl\\\/wp-content\\\/uploads\\\/2025\\\/03\\\/megapret-dubbeldraaier.webp\",\"datePublished\":\"2025-08-02T07:04:56+00:00\",\"dateModified\":\"2026-04-15T18:42:19+00:00\",\"description\":\"Wir bei MegaPret sind der Meinung, dass ein Tagesausflug f\u00fcr jeden zug\u00e4nglich sein sollte. Alle Eintrittspreise und Arrangements finden Sie hier.\",\"breadcrumb\":{\"@id\":\"https:\\\/\\\/megapret.nl\\\/de\\\/preise-und-arrangements\\\/#breadcrumb\"},\"inLanguage\":\"de\",\"potentialAction\":[{\"@type\":\"ReadAction\",\"target\":[\"https:\\\/\\\/megapret.nl\\\/de\\\/preise-und-arrangements\\\/\"]}]},{\"@type\":\"ImageObject\",\"inLanguage\":\"de\",\"@id\":\"https:\\\/\\\/megapret.nl\\\/de\\\/preise-und-arrangements\\\/#primaryimage\",\"url\":\"https:\\\/\\\/megapret.nl\\\/wp-content\\\/uploads\\\/2025\\\/03\\\/megapret-dubbeldraaier.webp\",\"contentUrl\":\"https:\\\/\\\/megapret.nl\\\/wp-content\\\/uploads\\\/2025\\\/03\\\/megapret-dubbeldraaier.webp\",\"width\":1623,\"height\":1949},{\"@type\":\"BreadcrumbList\",\"@id\":\"https:\\\/\\\/megapret.nl\\\/de\\\/preise-und-arrangements\\\/#breadcrumb\",\"itemListElement\":[{\"@type\":\"ListItem\",\"position\":1,\"name\":\"Home\",\"item\":\"https:\\\/\\\/megapret.nl\\\/de\\\/startseite\\\/\"},{\"@type\":\"ListItem\",\"position\":2,\"name\":\"Preise und Arrangements\"}]},{\"@type\":\"WebSite\",\"@id\":\"https:\\\/\\\/megapret.nl\\\/de\\\/#website\",\"url\":\"https:\\\/\\\/megapret.nl\\\/de\\\/\",\"name\":\"MegaPret\",\"description\":\"Familiepretpark in Gelderland\",\"publisher\":{\"@id\":\"https:\\\/\\\/megapret.nl\\\/de\\\/#organization\"},\"potentialAction\":[{\"@type\":\"SearchAction\",\"target\":{\"@type\":\"EntryPoint\",\"urlTemplate\":\"https:\\\/\\\/megapret.nl\\\/de\\\/?s={search_term_string}\"},\"query-input\":{\"@type\":\"PropertyValueSpecification\",\"valueRequired\":true,\"valueName\":\"search_term_string\"}}],\"inLanguage\":\"de\"},{\"@type\":\"Organization\",\"@id\":\"https:\\\/\\\/megapret.nl\\\/de\\\/#organization\",\"name\":\"MegaPret\",\"url\":\"https:\\\/\\\/megapret.nl\\\/de\\\/\",\"logo\":{\"@type\":\"ImageObject\",\"inLanguage\":\"de\",\"@id\":\"https:\\\/\\\/megapret.nl\\\/de\\\/#\\\/schema\\\/logo\\\/image\\\/\",\"url\":\"https:\\\/\\\/megapret.nl\\\/wp-content\\\/uploads\\\/2025\\\/05\\\/megapret-logo-rond.png\",\"contentUrl\":\"https:\\\/\\\/megapret.nl\\\/wp-content\\\/uploads\\\/2025\\\/05\\\/megapret-logo-rond.png\",\"width\":1024,\"height\":1024,\"caption\":\"MegaPret\"},\"image\":{\"@id\":\"https:\\\/\\\/megapret.nl\\\/de\\\/#\\\/schema\\\/logo\\\/image\\\/\"},\"sameAs\":[\"https:\\\/\\\/www.facebook.com\\\/MegapretLievelde\",\"https:\\\/\\\/www.instagram.com\\\/megapret_lievelde\\\/\"]}]}<\/script>\n<!-- \/ Yoast SEO Premium plugin. -->","yoast_head_json":{"title":"Preise und Arrangements - MegaPret","description":"Wir bei MegaPret sind der Meinung, dass ein Tagesausflug f\u00fcr jeden zug\u00e4nglich sein sollte. Alle Eintrittspreise und Arrangements finden Sie hier.","robots":{"index":"index","follow":"follow","max-snippet":"max-snippet:-1","max-image-preview":"max-image-preview:large","max-video-preview":"max-video-preview:-1"},"canonical":"https:\/\/megapret.nl\/de\/preise-und-arrangements\/","og_locale":"de_DE","og_type":"article","og_title":"Preise und Arrangements","og_description":"Wir bei MegaPret sind der Meinung, dass ein Tagesausflug f\u00fcr jeden zug\u00e4nglich sein sollte. Alle Eintrittspreise und Arrangements finden Sie hier.","og_url":"https:\/\/megapret.nl\/de\/preise-und-arrangements\/","og_site_name":"MegaPret","article_publisher":"https:\/\/www.facebook.com\/MegapretLievelde","article_modified_time":"2026-04-15T18:42:19+00:00","og_image":[{"width":1623,"height":1949,"url":"https:\/\/megapret.nl\/wp-content\/uploads\/2025\/03\/megapret-dubbeldraaier.webp","type":"image\/webp"}],"twitter_card":"summary_large_image","twitter_misc":{"Gesch\u00e4tzte Lesezeit":"6\u00a0Minuten"},"schema":{"@context":"https:\/\/schema.org","@graph":[{"@type":"WebPage","@id":"https:\/\/megapret.nl\/de\/preise-und-arrangements\/","url":"https:\/\/megapret.nl\/de\/preise-und-arrangements\/","name":"Preise und Arrangements - MegaPret","isPartOf":{"@id":"https:\/\/megapret.nl\/de\/#website"},"primaryImageOfPage":{"@id":"https:\/\/megapret.nl\/de\/preise-und-arrangements\/#primaryimage"},"image":{"@id":"https:\/\/megapret.nl\/de\/preise-und-arrangements\/#primaryimage"},"thumbnailUrl":"https:\/\/megapret.nl\/wp-content\/uploads\/2025\/03\/megapret-dubbeldraaier.webp","datePublished":"2025-08-02T07:04:56+00:00","dateModified":"2026-04-15T18:42:19+00:00","description":"Wir bei MegaPret sind der Meinung, dass ein Tagesausflug f\u00fcr jeden zug\u00e4nglich sein sollte. Alle Eintrittspreise und Arrangements finden Sie hier.","breadcrumb":{"@id":"https:\/\/megapret.nl\/de\/preise-und-arrangements\/#breadcrumb"},"inLanguage":"de","potentialAction":[{"@type":"ReadAction","target":["https:\/\/megapret.nl\/de\/preise-und-arrangements\/"]}]},{"@type":"ImageObject","inLanguage":"de","@id":"https:\/\/megapret.nl\/de\/preise-und-arrangements\/#primaryimage","url":"https:\/\/megapret.nl\/wp-content\/uploads\/2025\/03\/megapret-dubbeldraaier.webp","contentUrl":"https:\/\/megapret.nl\/wp-content\/uploads\/2025\/03\/megapret-dubbeldraaier.webp","width":1623,"height":1949},{"@type":"BreadcrumbList","@id":"https:\/\/megapret.nl\/de\/preise-und-arrangements\/#breadcrumb","itemListElement":[{"@type":"ListItem","position":1,"name":"Home","item":"https:\/\/megapret.nl\/de\/startseite\/"},{"@type":"ListItem","position":2,"name":"Preise und Arrangements"}]},{"@type":"WebSite","@id":"https:\/\/megapret.nl\/de\/#website","url":"https:\/\/megapret.nl\/de\/","name":"MegaPret","description":"Familiepretpark in Gelderland","publisher":{"@id":"https:\/\/megapret.nl\/de\/#organization"},"potentialAction":[{"@type":"SearchAction","target":{"@type":"EntryPoint","urlTemplate":"https:\/\/megapret.nl\/de\/?s={search_term_string}"},"query-input":{"@type":"PropertyValueSpecification","valueRequired":true,"valueName":"search_term_string"}}],"inLanguage":"de"},{"@type":"Organization","@id":"https:\/\/megapret.nl\/de\/#organization","name":"MegaPret","url":"https:\/\/megapret.nl\/de\/","logo":{"@type":"ImageObject","inLanguage":"de","@id":"https:\/\/megapret.nl\/de\/#\/schema\/logo\/image\/","url":"https:\/\/megapret.nl\/wp-content\/uploads\/2025\/05\/megapret-logo-rond.png","contentUrl":"https:\/\/megapret.nl\/wp-content\/uploads\/2025\/05\/megapret-logo-rond.png","width":1024,"height":1024,"caption":"MegaPret"},"image":{"@id":"https:\/\/megapret.nl\/de\/#\/schema\/logo\/image\/"},"sameAs":["https:\/\/www.facebook.com\/MegapretLievelde","https:\/\/www.instagram.com\/megapret_lievelde\/"]}]}},"_links":{"self":[{"href":"https:\/\/megapret.nl\/de\/wp-json\/wp\/v2\/pages\/2137","targetHints":{"allow":["GET"]}}],"collection":[{"href":"https:\/\/megapret.nl\/de\/wp-json\/wp\/v2\/pages"}],"about":[{"href":"https:\/\/megapret.nl\/de\/wp-json\/wp\/v2\/types\/page"}],"author":[{"embeddable":true,"href":"https:\/\/megapret.nl\/de\/wp-json\/wp\/v2\/users\/1"}],"replies":[{"embeddable":true,"href":"https:\/\/megapret.nl\/de\/wp-json\/wp\/v2\/comments?post=2137"}],"version-history":[{"count":64,"href":"https:\/\/megapret.nl\/de\/wp-json\/wp\/v2\/pages\/2137\/revisions"}],"predecessor-version":[{"id":4469,"href":"https:\/\/megapret.nl\/de\/wp-json\/wp\/v2\/pages\/2137\/revisions\/4469"}],"wp:featuredmedia":[{"embeddable":true,"href":"https:\/\/megapret.nl\/de\/wp-json\/wp\/v2\/media\/1879"}],"wp:attachment":[{"href":"https:\/\/megapret.nl\/de\/wp-json\/wp\/v2\/media?parent=2137"}],"curies":[{"name":"wp","href":"https:\/\/api.w.org\/{rel}","templated":true}]}}